{"id":3,"date":"2023-06-06T01:17:04","date_gmt":"2023-06-06T01:17:04","guid":{"rendered":"http:\/\/matietours.com\/?page_id=3"},"modified":"2023-08-04T17:55:11","modified_gmt":"2023-08-04T17:55:11","slug":"politica-privacidad","status":"publish","type":"page","link":"https:\/\/matietours.com\/index.php\/politica-privacidad\/","title":{"rendered":"Pol\u00edtica de privacidad"},"content":{"rendered":"\n<h2 class=\"wp-block-heading\">Aviso de privacidad de Operadora Tur\u00edstica MATIE S.A. de C.V.<\/h2>\n\n\n\n<p><\/p>\n\n\n\n<h2 class=\"wp-block-heading\">DESCRIPCI\u00d3N DEL AVISO<\/h2>\n\n\n\n<p>Los t\u00e9rminos que se utilicen en el presente aviso de privacidad (en lo sucesivo referido como \u201cAviso\u201d) tendr\u00e1n la definici\u00f3n que a los mismos le asigna la Ley Federal de Protecci\u00f3n de Datos Personales en Posesi\u00f3n de Particulares, (en lo sucesivo referida como la \u201cLey\u201d) y el Reglamento de la Ley Federal de Protecci\u00f3n de Datos Personales en Posesi\u00f3n de los Particulares (en lo sucesivo referido como el \u201cReglamento\u201d) publicados en el Diario Oficial de la Federaci\u00f3n el 5 de julio de 2010 y el 21 de diciembre de 2011, respectivamente, con excepci\u00f3n expresa de aquellos que aqu\u00ed se definen.<\/p>\n\n\n\n<p><\/p>\n\n\n\n<h2 class=\"wp-block-heading\">DEFINICIONES<\/h2>\n\n\n\n<p><strong class=\"privacy-policy-tutorial\">Se entiende para efectos del presente aviso de Privacidad lo siguiente:<\/strong><\/p>\n\n\n\n<p><strong>Cookies<\/strong>. Son los archivos de texto que se descargan autom\u00e1ticamente y se almacenan en el disco duro del equipo de c\u00f3mputo del usuario al navegar en una p\u00e1gina o portal de Internet espec\u00edfico, que permiten almacenar al servidor de Internet ciertos datos, entre ellos, paginas preferidas de visualizaci\u00f3n en internet, algunas claves y contrase\u00f1as.<\/p>\n\n\n\n<p><strong>Derechos ARCO<\/strong>. Son los Derechos de Acceso, Rectificaci\u00f3n, Cancelaci\u00f3n y Oposici\u00f3n, consagrados de en la Ley que por sus siglas forman dicha palabra.<\/p>\n\n\n\n<p><strong>Ley. <\/strong>Hacer referencia a la Ley Federal de Protecci\u00f3n de Datos Personales en Posesi\u00f3n De los Particulares, publicada en el Diario Oficial de la Federaci\u00f3n el 5 de julio de 2010.<\/p>\n\n\n\n<p><strong>Redes sociales.<\/strong> Son una nueva forma de interacci\u00f3n social en la que tanto mayores como peque\u00f1os pueden hacer uso de ella seg\u00fan los intereses particulares.<\/p>\n\n\n\n<p><strong>Facebook.<\/strong> sitio de Internet que teje una amplia red de personas, instituciones, organizaciones sociales y escuelas, entre otras que quieren relacionarse, adem\u00e1s de publicar fotos, eventos, enlaces, videos, comentarios y sugerencias, se puede mantener comunicaci\u00f3n con compa\u00f1eros de trabajo, amigos y familiares, cada d\u00eda las 24 horas.<\/p>\n\n\n\n<p><strong>Datos personales Sensibles.<\/strong> Para efectos de esta ley son aquellos datos personales que afecten a la esfera m\u00e1s \u00edntima de su titular, o cuya utilizaci\u00f3n indebida pueda dar origen a discriminaci\u00f3n o conlleve un riesgo grave para \u00e9ste. En particular, se consideran sensibles aquellos que puedan revelar aspectos como origen racial o \u00e9tnico, estado de salud presente y futuro, informaci\u00f3n gen\u00e9tica, creencias religiosas, filos\u00f3ficas y morales, afiliaci\u00f3n sindical, opiniones pol\u00edticas, preferencia sexuales.<\/p>\n\n\n\n<h1 class=\"wp-block-heading\">AVISO DE PRIVACIDAD MATIE S.A de C.V<\/h1>\n\n\n\n<p>Operadora Turistica MATIE S.A. de C.V. se compromete a proteger la privacidad y los datos personales de nuestros clientes y usuarios. Esta Pol\u00edtica de Privacidad explica c\u00f3mo recopilamos, utilizamos, compartimos y protegemos la informaci\u00f3n personal que obtenemos durante la prestaci\u00f3n de nuestros servicios.<\/p>\n\n\n\n<p><em>En virtud de lo antes expuesto, te informamos que en cumplimiento a nuestro Programa<\/em> <em>de Privacidad y a la Ley, los datos personales que obtengamos en virtud de las<\/em> <em>operaciones que t\u00fa solicites o celebres con MATIE S.A. de C.V. ser\u00e1n tratados de<\/em> <em>manera confidencial a trav\u00e9s de los sistemas y esquemas provistos para tales efectos.<\/em><\/p>\n\n\n\n<p><\/p>\n\n\n\n<h2 class=\"wp-block-heading\"><strong>DATOS PERSONALES QUE PUEDEN RECABARSE<\/strong><\/h2>\n\n\n\n<p><strong>Te informamos que MATIE S.A. de C.V. Podr\u00e1 recopilar tu informaci\u00f3n a trav\u00e9s de diferentes fuentes, entre ellas:<\/strong><\/p>\n\n\n\n<p><strong>Personalmente: <\/strong>Cuando t\u00fa solicitas o adquieres cualquiera de los servicios proporcionados en las Sucursales, Oficinas de MATIE S.A. de C.V.<\/p>\n\n\n\n<p><strong>Directa: <\/strong>Cuando nos proporcionas tus datos personales para solicitar nuestros servicios, contratar o bien participar en promociones, ofertas, programas, ya sea a trav\u00e9s de nuestra p\u00e1gina en Internet o v\u00eda telef\u00f3nica.<\/p>\n\n\n\n<p><strong>Indirecta: <\/strong>De cualquier otra fuente de informaci\u00f3n comercialmente disponibles o quesean permitidas por la Ley.<\/p>\n\n\n\n<p>La informaci\u00f3n que recabamos de ti, puede combinarse para ayudarnos en el ofrecimiento, prestaci\u00f3n y\/o mejora de nuestros servicios tur\u00edsticos.<\/p>\n\n\n\n<div style=\"height:50px\" aria-hidden=\"true\" class=\"wp-block-spacer\"><\/div>\n\n\n\n<p><strong>MATIE S.A. de C.V. podr\u00e1 recabar:<\/strong><\/p>\n\n\n\n<p>La Empresa recopila los siguientes datos personales:<\/p>\n\n\n\n<p>-N\u00famero de contrato, estado y ciudad de residencia, informaci\u00f3n del paquete tur\u00edstico<\/p>\n\n\n\n<p>seleccionado, datos de contacto, datos de nacimiento, informaci\u00f3n de la escuela y<\/p>\n\n\n\n<p>datos de contacto de un tutor (si es aplicable).<\/p>\n\n\n\n<p>-Correos electr\u00f3nicos, RFC y\/o CURP, firma aut\u00f3grafa, carta de antecedentes no<\/p>\n\n\n\n<p>penales, constancia laboral, formatos m\u00e9dicos \/constancia de buena salud, referencias<\/p>\n\n\n\n<p>personales, cartas de recomendaci\u00f3n laborales y personales<\/p>\n\n\n\n<p>-Usuario de Facebook y otras redes sociales.<\/p>\n\n\n\n<p>-Informaci\u00f3n financiera, como datos de tarjetas de cr\u00e9dito o d\u00e9bito, adem\u00e1s, podemos <\/p>\n\n\n\n<p>recopilar informaci\u00f3n no personal, como datos de navegaci\u00f3n y uso del sitio web.<\/p>\n\n\n\n<p><\/p>\n\n\n\n<div style=\"height:50px\" aria-hidden=\"true\" class=\"wp-block-spacer\"><\/div>\n\n\n\n<p><strong>Uso de la Informaci\u00f3n Personal<\/strong><\/p>\n\n\n\n<p>MATIE S.A. de C.V. utilizar\u00e1 la informaci\u00f3n personal recopilada para los siguientes fines:<\/p>\n\n\n\n<p>-La Empresa puede compartir sus datos con miembros del equipo interno y con<\/p>\n\n\n\n<p>terceros colaboradores que nos ayuden a mejorar nuestros servicios y a entender mejor a nuestro mercado.<\/p>\n\n\n\n<p>-Los utiliza para poder brindar un mejor servicio y otorgar al cliente un paquete que se adapte a sus necesidades, usamos los contactos de emergencia para cualquier imprevisto y todos sus datos nos ayudan para estad\u00edsticas dentro de la empresa para una buena toma de decisiones empresariales.<\/p>\n\n\n\n<p>-Procesar reservas y transacciones de viaje.<\/p>\n\n\n\n<p>-Contactar a los clientes para brindar informaci\u00f3n sobre sus reservas o viajes.<\/p>\n\n\n\n<p>-Personalizar la experiencia del cliente y ofrecer servicios adaptados a sus necesidades.<\/p>\n\n\n\n<p>-Enviar comunicaciones de marketing y promociones sobre nuestros servicios y ofertas especiales.<\/p>\n\n\n\n<p>-Cumplir con las obligaciones legales y regulaciones aplicables.<\/p>\n\n\n\n<p><\/p>\n\n\n\n<p><strong>Acceso, correcci\u00f3n y eliminaci\u00f3n de datos<\/strong><\/p>\n\n\n\n<p>Puede solicitar acceso, correcci\u00f3n o eliminaci\u00f3n de sus datos comunic\u00e1ndose con nuestro equipo de atenci\u00f3n al cliente.<\/p>\n\n\n\n<p><strong>Protecci\u00f3n de datos<\/strong><\/p>\n\n\n\n<p>La Empresa se compromete a proteger sus datos, implementando medidas de seguridad para garantizar la protecci\u00f3n de sus datos contra el acceso, divulgaci\u00f3n, alteraci\u00f3n o destrucci\u00f3n no autorizados.<\/p>\n\n\n\n<h2 class=\"wp-block-heading\"><strong>INFORMACI\u00d3N EN INTERNET<\/strong><\/h2>\n\n\n\n<p>En MATIE S.A. de C.V. empleamos cookies para hacer un seguimiento de nuestros clientes y de las personas interesadas en nuestros servicios que visitan nuestros sitios Web o que reciben los mensajes de correo electr\u00f3nico de car\u00e1cter comercial.<\/p>\n\n\n\n<p>Una \u201ccookie\u201d es un conjunto de datos que un servidor Web guarda en el computador de un usuario para poder identificarlo en su pr\u00f3xima visita. Las cookies permiten que los sitios Web \u201crecuerden\u201d los datos que se introdujeron al desplazarse por las distintas p\u00e1ginas, o cuando se vuelve a visitar el sitio desde el mismo equipo pasado un tiempo.<\/p>\n\n\n\n<p>Por lo general, el conjunto de datos que constituye una cookie s\u00f3lo es inteligible para aquellas personas o entidades que instalaron la cookie en el equipo. Adem\u00e1s, las cookies no obtienen datos del disco duro del equipo en el que se instalan ni constituyen una v\u00eda de distribuci\u00f3n de virus inform\u00e1ticos.<\/p>\n\n\n\n<h2 class=\"wp-block-heading\"><strong>DERECHOS ARCO<\/strong><\/h2>\n\n\n\n<p>Tu o tu representante legal debidamente acreditado podr\u00e1n limitar el uso o divulgaci\u00f3n de tus datos personales; as\u00ed como ejercer, cuando procedan, los derechos de Acceso, Rectificaci\u00f3n, Cancelaci\u00f3n u Oposici\u00f3n que la Ley prev\u00e9 a partir del 6 de enero de 2012.<\/p>\n\n\n\n<h2 class=\"wp-block-heading\"><strong>MODIFICACIONES AL AVISO DE PRIVACIDAD<\/strong><\/h2>\n\n\n\n<p>MATIE S.A. de C.V. se reserva el derecho de efectuar en cualquier momento modificaciones o actualizaciones al presente aviso de privacidad, en el entendido de que toda modificaci\u00f3n al mismo se te har\u00e1 conocer por medio de la publicaci\u00f3n de un aviso en la p\u00e1gina de internet, por lo que te recomendamos verificarla con frecuencia; dichas modificaciones se har\u00e1n en consecuencia y para el cumplimiento de la legislaci\u00f3n aplicable.<\/p>\n\n\n\n<h2 class=\"wp-block-heading\"><strong>CONTACTO<\/strong><\/h2>\n\n\n\n<p>Si tienes preguntas o inquietudes sobre esta Pol\u00edtica de Privacidad o sobre c\u00f3mo manejamos los datos personales, no dudes en contactarnos:<\/p>\n\n\n\n<p>Operadora Turistica MATIE S.A. de C.V.<\/p>\n\n\n\n<p>Direcci\u00f3n: Calle Bruno Martinez 203 Zona centro Durango, Durango. M\u00e9xico.<\/p>\n\n\n\n<p>Tel\u00e9fono: 618 690 08 62<\/p>\n\n\n\n<p>Correo electr\u00f3nico: contacto@matietours.com<\/p>\n","protected":false},"excerpt":{"rendered":"<p>Aviso de privacidad de Operadora Tur\u00edstica MATIE S.A. de C.V. DESCRIPCI\u00d3N DEL AVISO Los t\u00e9rminos que se utilicen en el presente aviso de privacidad (en lo sucesivo referido como \u201cAviso\u201d) tendr\u00e1n la definici\u00f3n que a los mismos le asigna la Ley Federal de Protecci\u00f3n de Datos Personales en Posesi\u00f3n de Particulares, (en lo sucesivo referida [&hellip;]<\/p>\n","protected":false},"author":1,"featured_media":0,"parent":0,"menu_order":0,"comment_status":"closed","ping_status":"open","template":"","meta":{"om_disable_all_campaigns":false,"_monsterinsights_skip_tracking":false,"_monsterinsights_sitenote_active":false,"_monsterinsights_sitenote_note":"","_monsterinsights_sitenote_category":0,"_uf_show_specific_survey":0,"_uf_disable_surveys":false,"_joinchat":[],"footnotes":""},"class_list":["post-3","page","type-page","status-publish","hentry"],"yoast_head":"<!-- This site is optimized with the Yoast SEO plugin v27.4 - https:\/\/yoast.com\/product\/yoast-seo-wordpress\/ -->\n<title>Pol\u00edtica de privacidad - matietours.com<\/title>\n<meta name=\"robots\" content=\"index, follow, max-snippet:-1, max-image-preview:large, max-video-preview:-1\" \/>\n<link rel=\"canonical\" href=\"https:\/\/matietours.com\/index.php\/politica-privacidad\/\" \/>\n<meta property=\"og:locale\" content=\"es_MX\" \/>\n<meta property=\"og:type\" content=\"article\" \/>\n<meta property=\"og:title\" content=\"Pol\u00edtica de privacidad - matietours.com\" \/>\n<meta property=\"og:description\" content=\"Aviso de privacidad de Operadora Tur\u00edstica MATIE S.A. de C.V. DESCRIPCI\u00d3N DEL AVISO Los t\u00e9rminos que se utilicen en el presente aviso de privacidad (en lo sucesivo referido como \u201cAviso\u201d) tendr\u00e1n la definici\u00f3n que a los mismos le asigna la Ley Federal de Protecci\u00f3n de Datos Personales en Posesi\u00f3n de Particulares, (en lo sucesivo referida [&hellip;]\" \/>\n<meta property=\"og:url\" content=\"https:\/\/matietours.com\/index.php\/politica-privacidad\/\" \/>\n<meta property=\"og:site_name\" content=\"matietours.com\" \/>\n<meta property=\"article:modified_time\" content=\"2023-08-04T17:55:11+00:00\" \/>\n<meta name=\"twitter:card\" content=\"summary_large_image\" \/>\n<meta name=\"twitter:label1\" content=\"Tiempo de lectura\" \/>\n\t<meta name=\"twitter:data1\" content=\"7 minutos\" \/>\n<script type=\"application\/ld+json\" class=\"yoast-schema-graph\">{\"@context\":\"https:\\\/\\\/schema.org\",\"@graph\":[{\"@type\":\"WebPage\",\"@id\":\"https:\\\/\\\/matietours.com\\\/index.php\\\/politica-privacidad\\\/\",\"url\":\"https:\\\/\\\/matietours.com\\\/index.php\\\/politica-privacidad\\\/\",\"name\":\"Pol\u00edtica de privacidad - matietours.com\",\"isPartOf\":{\"@id\":\"https:\\\/\\\/matietours.com\\\/#website\"},\"datePublished\":\"2023-06-06T01:17:04+00:00\",\"dateModified\":\"2023-08-04T17:55:11+00:00\",\"breadcrumb\":{\"@id\":\"https:\\\/\\\/matietours.com\\\/index.php\\\/politica-privacidad\\\/#breadcrumb\"},\"inLanguage\":\"es\",\"potentialAction\":[{\"@type\":\"ReadAction\",\"target\":[\"https:\\\/\\\/matietours.com\\\/index.php\\\/politica-privacidad\\\/\"]}]},{\"@type\":\"BreadcrumbList\",\"@id\":\"https:\\\/\\\/matietours.com\\\/index.php\\\/politica-privacidad\\\/#breadcrumb\",\"itemListElement\":[{\"@type\":\"ListItem\",\"position\":1,\"name\":\"Inicio\",\"item\":\"https:\\\/\\\/matietours.com\\\/\"},{\"@type\":\"ListItem\",\"position\":2,\"name\":\"Pol\u00edtica de privacidad\"}]},{\"@type\":\"WebSite\",\"@id\":\"https:\\\/\\\/matietours.com\\\/#website\",\"url\":\"https:\\\/\\\/matietours.com\\\/\",\"name\":\"matietours.com\",\"description\":\"Agencia de viajes\",\"potentialAction\":[{\"@type\":\"SearchAction\",\"target\":{\"@type\":\"EntryPoint\",\"urlTemplate\":\"https:\\\/\\\/matietours.com\\\/?s={search_term_string}\"},\"query-input\":{\"@type\":\"PropertyValueSpecification\",\"valueRequired\":true,\"valueName\":\"search_term_string\"}}],\"inLanguage\":\"es\"}]}<\/script>\n<!-- \/ Yoast SEO plugin. -->","yoast_head_json":{"title":"Pol\u00edtica de privacidad - matietours.com","robots":{"index":"index","follow":"follow","max-snippet":"max-snippet:-1","max-image-preview":"max-image-preview:large","max-video-preview":"max-video-preview:-1"},"canonical":"https:\/\/matietours.com\/index.php\/politica-privacidad\/","og_locale":"es_MX","og_type":"article","og_title":"Pol\u00edtica de privacidad - matietours.com","og_description":"Aviso de privacidad de Operadora Tur\u00edstica MATIE S.A. de C.V. DESCRIPCI\u00d3N DEL AVISO Los t\u00e9rminos que se utilicen en el presente aviso de privacidad (en lo sucesivo referido como \u201cAviso\u201d) tendr\u00e1n la definici\u00f3n que a los mismos le asigna la Ley Federal de Protecci\u00f3n de Datos Personales en Posesi\u00f3n de Particulares, (en lo sucesivo referida [&hellip;]","og_url":"https:\/\/matietours.com\/index.php\/politica-privacidad\/","og_site_name":"matietours.com","article_modified_time":"2023-08-04T17:55:11+00:00","twitter_card":"summary_large_image","twitter_misc":{"Tiempo de lectura":"7 minutos"},"schema":{"@context":"https:\/\/schema.org","@graph":[{"@type":"WebPage","@id":"https:\/\/matietours.com\/index.php\/politica-privacidad\/","url":"https:\/\/matietours.com\/index.php\/politica-privacidad\/","name":"Pol\u00edtica de privacidad - matietours.com","isPartOf":{"@id":"https:\/\/matietours.com\/#website"},"datePublished":"2023-06-06T01:17:04+00:00","dateModified":"2023-08-04T17:55:11+00:00","breadcrumb":{"@id":"https:\/\/matietours.com\/index.php\/politica-privacidad\/#breadcrumb"},"inLanguage":"es","potentialAction":[{"@type":"ReadAction","target":["https:\/\/matietours.com\/index.php\/politica-privacidad\/"]}]},{"@type":"BreadcrumbList","@id":"https:\/\/matietours.com\/index.php\/politica-privacidad\/#breadcrumb","itemListElement":[{"@type":"ListItem","position":1,"name":"Inicio","item":"https:\/\/matietours.com\/"},{"@type":"ListItem","position":2,"name":"Pol\u00edtica de privacidad"}]},{"@type":"WebSite","@id":"https:\/\/matietours.com\/#website","url":"https:\/\/matietours.com\/","name":"matietours.com","description":"Agencia de viajes","potentialAction":[{"@type":"SearchAction","target":{"@type":"EntryPoint","urlTemplate":"https:\/\/matietours.com\/?s={search_term_string}"},"query-input":{"@type":"PropertyValueSpecification","valueRequired":true,"valueName":"search_term_string"}}],"inLanguage":"es"}]}},"_links":{"self":[{"href":"https:\/\/matietours.com\/index.php\/wp-json\/wp\/v2\/pages\/3","targetHints":{"allow":["GET"]}}],"collection":[{"href":"https:\/\/matietours.com\/index.php\/wp-json\/wp\/v2\/pages"}],"about":[{"href":"https:\/\/matietours.com\/index.php\/wp-json\/wp\/v2\/types\/page"}],"author":[{"embeddable":true,"href":"https:\/\/matietours.com\/index.php\/wp-json\/wp\/v2\/users\/1"}],"replies":[{"embeddable":true,"href":"https:\/\/matietours.com\/index.php\/wp-json\/wp\/v2\/comments?post=3"}],"version-history":[{"count":3,"href":"https:\/\/matietours.com\/index.php\/wp-json\/wp\/v2\/pages\/3\/revisions"}],"predecessor-version":[{"id":5498,"href":"https:\/\/matietours.com\/index.php\/wp-json\/wp\/v2\/pages\/3\/revisions\/5498"}],"wp:attachment":[{"href":"https:\/\/matietours.com\/index.php\/wp-json\/wp\/v2\/media?parent=3"}],"curies":[{"name":"wp","href":"https:\/\/api.w.org\/{rel}","templated":true}]}}