{"id":6259,"date":"2024-05-04T03:42:13","date_gmt":"2024-05-04T03:42:13","guid":{"rendered":"https:\/\/matietours.com\/?post_type=product&#038;p=6259"},"modified":"2025-10-31T01:14:21","modified_gmt":"2025-10-31T01:14:21","slug":"pre-registro-zamna-tulum","status":"publish","type":"product","link":"https:\/\/matietours.com\/index.php\/producto\/pre-registro-zamna-tulum\/","title":{"rendered":"Pre-Registro Zamna Tulum 2026"},"content":{"rendered":"<h2><a href=\"http:\/\/matietours.com\/wp-content\/uploads\/2024\/05\/Tulum-2025.pdf\">Descarga nuestro PDF y conoce todo lo que te espera en Tulum este 2026<\/a><\/h2>\n<p>&nbsp;<\/p>\n<h2><strong>APARTA CON SOLO 2,000 MXN Y EL RESTO A COMODAS MENSUALIDADES<\/strong><\/h2>\n<div class=\"gdlr-core-title-item gdlr-core-item-pdb clearfix gdlr-core-center-align gdlr-core-title-item-caption-bottom gdlr-core-item-pdlr\" style=\"padding-bottom: 35px;\">\n<div class=\"gdlr-core-title-item-title-wrap\">\n<h6 class=\"gdlr-core-title-item-title gdlr-core-skin-title\" style=\"font-size: 24px; font-weight: 600; letter-spacing: 0px; text-transform: none;\"><i class=\"fa fa-file-text-o\"><\/i>RESERVA NO REEMBOLSABLE<\/h6>\n<\/div>\n<\/div>\n<p style=\"text-align: left;\">Emb\u00e1rcate en una experiencia \u00fanica en Tulum con Matie Adventures durante el<strong> \u00a1Festival Zamna!<\/strong><\/p>\n<p style=\"text-align: left;\">Descubre la fusi\u00f3n perfecta entre la cultura maya y la vibrante escena musical internacional en este evento \u00e9pico.<\/p>\n<p style=\"text-align: left;\">Desde explorar las antiguas ruinas hasta brillar bajo las estrellas, el\u00a0<strong>Festival Zamna<\/strong> ofrece una experiencia incomparable.\u00a0<strong>\u00danete a nosotros para vivir la magia de Tulum en su m\u00e1ximo esplendor<\/strong>.<\/p>\n<div class=\"gdlr-core-pbf-element\">\n<div class=\"gdlr-core-title-item gdlr-core-item-pdb clearfix gdlr-core-left-align gdlr-core-title-item-caption-bottom gdlr-core-item-pdlr\">\n<div class=\"gdlr-core-title-item-title-wrap\">\n<h2><\/h2>\n<h2>TRANSPORTE A\u00c9REO Y TRASLADO<\/h2>\n<h2 class=\"gdlr-core-title-item-title gdlr-core-skin-title\"><span style=\"font-size: 16px;\">Disfruta de un <\/span><strong style=\"font-size: 16px;\">VIAJE A\u00c9REO\u00a0<\/strong><span style=\"font-size: 16px;\">sin preocupaciones desde tu ciudad de origen hasta el para\u00edso caribe\u00f1o de <\/span><strong style=\"font-size: 16px;\">Playa del Carmen<\/strong><span style=\"font-size: 16px;\">.<\/span><\/h2>\n<\/div>\n<\/div>\n<\/div>\n<div class=\"gdlr-core-pbf-column\">\n<div>Una vez que aterrices, nuestro equipo estar\u00e1 esper\u00e1ndote para brindarte un c\u00e1lido recibimiento y llevarte c\u00f3modamente\u00a0<strong>desde el aeropuerto hasta el hotel.\u00a0<\/strong>Y cuando llegue el momento de despedirse de este para\u00edso, te garantizamos un traslado sin contratiempos\u00a0<strong>desde el hotel de vuelta al aeropuerto.\u00a0<\/strong><\/div>\n<\/div>\n<div><\/div>\n<div><\/div>\n<div class=\"gdlr-core-pbf-column\">\n<div class=\"gdlr-core-pbf-column-content-margin gdlr-core-js \">\n<p>&nbsp;<\/p>\n<\/div>\n<\/div>\n<div class=\"gdlr-core-price-table-item gdlr-core-item-pdlr gdlr-core-item-pdb clearfix tour-title-price gdlr-core-style-1\">\n<div class=\"gdlr-core-price-table-column gdlr-core-column-15\">\n<div class=\"gdlr-core-price-table gdlr-core-active\">\n<div class=\"gdlr-core-price-table-head\">\n<div class=\"gdlr-core-price-table-icon\"><\/div>\n<h3 class=\"gdlr-core-price-table-title\">Animate Matie<\/h3>\n<div class=\"gdlr-core-price-table-caption\">Vida solo una<\/div>\n<\/div>\n<div class=\"gdlr-core-price-table-price gdlr-core-title-font\"><span class=\"gdlr-core-price-prefix\">$<\/span><span class=\"gdlr-core-price-table-price-number\">11,400<\/span><\/div>\n<div class=\"gdlr-core-price-table-content-wrap gdlr-core-center-align\">\n<div class=\"gdlr-core-price-table-content\">\n<div class=\"gdlr-core-price-list-shortcode gdlr-core-with-divider\">\n<ul>\n<li><i class=\"fa fa-check\"><\/i><span class=\"gdlr-core-icon-list-content\">Hospedaje de 5 noches y 6 d\u00edas * Precio Tarifa Habitaci\u00f3n Cu\u00e1druple *<\/span><\/li>\n<li><i class=\"fa fa-check\"><\/i><span class=\"gdlr-core-icon-list-content\">Transportaci\u00f3n Ida y Vuelta Fiesta Zamna Tulum.<\/span><\/li>\n<li><i class=\"fa fa-check\"><\/i><span class=\"gdlr-core-icon-list-content\">After Party Exclusivo Zamna Tulum.<\/span><\/li>\n<li><i class=\"fa fa-check\"><\/i><span class=\"gdlr-core-icon-list-content\">Fiesta Catamaran.<\/span><\/li>\n<li><i class=\"fa fa-check\"><\/i><span class=\"gdlr-core-icon-list-content\">Souvenirs.<\/span><\/li>\n<li><i class=\"fa fa-check\"><\/i><span class=\"gdlr-core-icon-list-content\">Atenci\u00f3n Personalizada (Staff en tu Viaje).<\/span><\/li>\n<li><i class=\"fa fa-check\"><\/i><span class=\"gdlr-core-icon-list-content\">Gu\u00eda Gastron\u00f3mica.<\/span><\/li>\n<li><i class=\"fa fa-check\"><\/i><span class=\"gdlr-core-icon-list-content\">Seguro de Gastos M\u00e9dicos.<\/span><\/li>\n<\/ul>\n<\/div>\n<\/div>\n<\/div>\n<\/div>\n<\/div>\n<div class=\"gdlr-core-price-table-column gdlr-core-column-15\">\n<div class=\"gdlr-core-price-table \">\n<div class=\"gdlr-core-price-table-head\">\n<div class=\"gdlr-core-price-table-icon\"><\/div>\n<h3 class=\"gdlr-core-price-table-title\">Sin Excusas Matie<\/h3>\n<div class=\"gdlr-core-price-table-caption\">Con todo lo elemental para la aventura<\/div>\n<\/div>\n<div class=\"gdlr-core-price-table-price gdlr-core-title-font\"><span class=\"gdlr-core-price-prefix\">$<\/span><span class=\"gdlr-core-price-table-price-number\">13,400<\/span><\/div>\n<div class=\"gdlr-core-price-table-content-wrap gdlr-core-center-align\">\n<div class=\"gdlr-core-price-table-content\">\n<div class=\"gdlr-core-price-list-shortcode gdlr-core-with-divider\">\n<ul>\n<li><i class=\"fa fa-check\"><\/i><span class=\"gdlr-core-icon-list-content\">Hospedaje de 5 noches y 6 d\u00edas * Precio Tarifa Habitaci\u00f3n Cu\u00e1druple *<\/span><\/li>\n<li><i class=\"fa fa-check\"><\/i><span class=\"gdlr-core-icon-list-content\">1 Brazalete para fiesta de Zamna Tulum.<\/span><\/li>\n<li><i class=\"fa fa-check\"><\/i><span class=\"gdlr-core-icon-list-content\">Transportaci\u00f3n Ida y Vuelta Fiesta Zamna Tulum.<\/span><\/li>\n<li><i class=\"fa fa-check\"><\/i><span class=\"gdlr-core-icon-list-content\">After Party Exclusivo Zamna Tulum.<\/span><\/li>\n<li><i class=\"fa fa-check\"><\/i><span class=\"gdlr-core-icon-list-content\">Fiesta Catamaran.<\/span><\/li>\n<li><i class=\"fa fa-check\"><\/i><span class=\"gdlr-core-icon-list-content\">Souvenirs.<\/span><\/li>\n<li><i class=\"fa fa-check\"><\/i><span class=\"gdlr-core-icon-list-content\">Atenci\u00f3n Personalizada (Staff en tu Viaje).<\/span><\/li>\n<li><i class=\"fa fa-check\"><\/i><span class=\"gdlr-core-icon-list-content\">Gu\u00eda Gastron\u00f3mica.<\/span><\/li>\n<li><i class=\"fa fa-check\"><\/i><span class=\"gdlr-core-icon-list-content\">Seguro de Gastos M\u00e9dicos.<\/span><\/li>\n<\/ul>\n<\/div>\n<\/div>\n<\/div>\n<\/div>\n<\/div>\n<div class=\"gdlr-core-price-table-column gdlr-core-column-15\">\n<div class=\"gdlr-core-price-table gdlr-core-active\">\n<div class=\"gdlr-core-price-table-head\">\n<div class=\"gdlr-core-price-table-icon\"><\/div>\n<h3 class=\"gdlr-core-price-table-title\">Mi Favorito Matie<\/h3>\n<div class=\"gdlr-core-price-table-caption\">Saliendo desde CDMX, Monterrey y Guadalajara.<\/div>\n<\/div>\n<div class=\"gdlr-core-price-table-price gdlr-core-title-font\"><span class=\"gdlr-core-price-prefix\">$<\/span><span class=\"gdlr-core-price-table-price-number\">16,400<\/span><\/div>\n<div class=\"gdlr-core-price-table-content-wrap gdlr-core-center-align\">\n<div class=\"gdlr-core-price-table-content\">\n<div class=\"gdlr-core-price-list-shortcode gdlr-core-with-divider\">\n<ul>\n<li><i class=\"fa fa-check\"><\/i>Transporte A\u00e9reo.<\/li>\n<li><i class=\"fa fa-check\"><\/i><span class=\"gdlr-core-icon-list-content\">Traslado al Aeropuerto-Hotel-Aeropuerto.<\/span><\/li>\n<li><i class=\"fa fa-check\"><\/i><span class=\"gdlr-core-icon-list-content\">Hospedaje de 5 noches y 6 d\u00edas * Precio Tarifa Habitaci\u00f3n Cu\u00e1druple *<\/span><\/li>\n<li><i class=\"fa fa-check\"><\/i><span class=\"gdlr-core-icon-list-content\">1 Brazalete para fiesta de Zamna Tulum.<\/span><\/li>\n<li><i class=\"fa fa-check\"><\/i><span class=\"gdlr-core-icon-list-content\">Transportaci\u00f3n Ida y Vuelta Fiesta Zamna Tulum.<\/span><\/li>\n<li><i class=\"fa fa-check\"><\/i><span class=\"gdlr-core-icon-list-content\">After Party Exclusivo Zamna Tulum.<\/span><\/li>\n<li><i class=\"fa fa-check\"><\/i><span class=\"gdlr-core-icon-list-content\">Fiesta Catamaran.<\/span><\/li>\n<li><i class=\"fa fa-check\"><\/i><span class=\"gdlr-core-icon-list-content\">Souvenirs.<\/span><\/li>\n<li><i class=\"fa fa-check\"><\/i><span class=\"gdlr-core-icon-list-content\">Atenci\u00f3n Personalizada (Staff en tu Viaje).<\/span><\/li>\n<li><i class=\"fa fa-check\"><\/i><span class=\"gdlr-core-icon-list-content\">Gu\u00eda Gastron\u00f3mica.<\/span><\/li>\n<li><i class=\"fa fa-check\"><\/i><span class=\"gdlr-core-icon-list-content\">Seguro de Gastos M\u00e9dicos.<\/span><\/li>\n<\/ul>\n<\/div>\n<\/div>\n<\/div>\n<\/div>\n<\/div>\n<div class=\"gdlr-core-price-table-column gdlr-core-column-15\">\n<div class=\"gdlr-core-price-table \">\n<div class=\"gdlr-core-price-table-head\">\n<div class=\"gdlr-core-price-table-icon\"><\/div>\n<h3 class=\"gdlr-core-price-table-title\">Matie X Siempre<\/h3>\n<div class=\"gdlr-core-price-table-caption\">Saliendo desde la Ciudad de Durango<\/div>\n<\/div>\n<div class=\"gdlr-core-price-table-price gdlr-core-title-font\"><span class=\"gdlr-core-price-prefix\">$<\/span><span class=\"gdlr-core-price-table-price-number\">18,400<\/span><\/div>\n<div class=\"gdlr-core-price-table-content-wrap gdlr-core-center-align\">\n<div class=\"gdlr-core-price-table-content\">\n<div class=\"gdlr-core-price-list-shortcode gdlr-core-with-divider\">\n<ul>\n<li><i class=\"fa fa-check\"><\/i>Transporte A\u00e9reo.<\/li>\n<li><i class=\"fa fa-check\"><\/i><span class=\"gdlr-core-icon-list-content\">Traslado al Aeropuerto-Hotel-Aeropuerto.<\/span><\/li>\n<li><i class=\"fa fa-check\"><\/i><span class=\"gdlr-core-icon-list-content\">Hospedaje de 5 noches y 6 d\u00edas * Precio Tarifa Habitaci\u00f3n Cu\u00e1druple *<\/span><\/li>\n<li><i class=\"fa fa-check\"><\/i><span class=\"gdlr-core-icon-list-content\">1 Brazalete para fiesta de Zamna Tulum.<\/span><\/li>\n<li><i class=\"fa fa-check\"><\/i><span class=\"gdlr-core-icon-list-content\">Transportaci\u00f3n Ida y Vuelta Fiesta Zamna Tulum.<\/span><\/li>\n<li><i class=\"fa fa-check\"><\/i><span class=\"gdlr-core-icon-list-content\">After Party Exclusivo Zamna Tulum.<\/span><\/li>\n<li><i class=\"fa fa-check\"><\/i><span class=\"gdlr-core-icon-list-content\">Fiesta Catamaran.<\/span><\/li>\n<li><i class=\"fa fa-check\"><\/i><span class=\"gdlr-core-icon-list-content\">Souvenirs.<\/span><\/li>\n<li><i class=\"fa fa-check\"><\/i><span class=\"gdlr-core-icon-list-content\">Atenci\u00f3n Personalizada (Staff en tu Viaje).<\/span><\/li>\n<li><i class=\"fa fa-check\"><\/i><span class=\"gdlr-core-icon-list-content\">Gu\u00eda Gastron\u00f3mica.<\/span><\/li>\n<li><i class=\"fa fa-check\"><\/i><span class=\"gdlr-core-icon-list-content\">Seguro de Gastos M\u00e9dicos.<\/span><\/li>\n<\/ul>\n<p>&nbsp;<\/p>\n<\/div>\n<\/div>\n<\/div>\n<\/div>\n<\/div>\n<\/div>\n","protected":false},"excerpt":{"rendered":"<p>Descarga nuestro PDF y conoce todo lo que te espera en Tulum este 2026 &nbsp; APARTA CON SOLO 2,000 MXN Y EL RESTO A COMODAS MENSUALIDADES RESERVA NO REEMBOLSABLE Emb\u00e1rcate en una experiencia \u00fanica en Tulum con Matie Adventures durante el \u00a1Festival Zamna! Descubre la fusi\u00f3n perfecta entre la cultura maya y la vibrante escena [&hellip;]<\/p>\n","protected":false},"featured_media":6261,"comment_status":"open","ping_status":"closed","template":"","meta":{"om_disable_all_campaigns":false,"_monsterinsights_skip_tracking":false,"_monsterinsights_sitenote_active":false,"_monsterinsights_sitenote_note":"","_monsterinsights_sitenote_category":0,"_uf_show_specific_survey":0,"_uf_disable_surveys":false,"_joinchat":[]},"product_brand":[],"product_cat":[122],"product_tag":[],"class_list":{"0":"post-6259","1":"product","2":"type-product","3":"status-publish","4":"has-post-thumbnail","6":"product_cat-tulum","8":"first","9":"instock","10":"virtual","11":"purchasable","12":"product-type-simple"},"yoast_head":"<!-- This site is optimized with the Yoast SEO plugin v27.4 - https:\/\/yoast.com\/product\/yoast-seo-wordpress\/ -->\n<title>Pre-Registro Zamna Tulum 2026 - matietours.com<\/title>\n<meta name=\"robots\" content=\"index, follow, max-snippet:-1, max-image-preview:large, max-video-preview:-1\" \/>\n<link rel=\"canonical\" href=\"https:\/\/matietours.com\/index.php\/producto\/pre-registro-zamna-tulum\/\" \/>\n<meta property=\"og:locale\" content=\"es_MX\" \/>\n<meta property=\"og:type\" content=\"article\" \/>\n<meta property=\"og:title\" content=\"Pre-Registro Zamna Tulum 2026 - matietours.com\" \/>\n<meta property=\"og:description\" content=\"Descarga nuestro PDF y conoce todo lo que te espera en Tulum este 2026 &nbsp; APARTA CON SOLO 2,000 MXN Y EL RESTO A COMODAS MENSUALIDADES RESERVA NO REEMBOLSABLE Emb\u00e1rcate en una experiencia \u00fanica en Tulum con Matie Adventures durante el \u00a1Festival Zamna! Descubre la fusi\u00f3n perfecta entre la cultura maya y la vibrante escena [&hellip;]\" \/>\n<meta property=\"og:url\" content=\"https:\/\/matietours.com\/index.php\/producto\/pre-registro-zamna-tulum\/\" \/>\n<meta property=\"og:site_name\" content=\"matietours.com\" \/>\n<meta property=\"article:modified_time\" content=\"2025-10-31T01:14:21+00:00\" \/>\n<meta property=\"og:image\" content=\"http:\/\/matietours.com\/wp-content\/uploads\/2024\/05\/bg-pre-registro-tulum.png\" \/>\n\t<meta property=\"og:image:width\" content=\"864\" \/>\n\t<meta property=\"og:image:height\" content=\"864\" \/>\n\t<meta property=\"og:image:type\" content=\"image\/png\" \/>\n<meta name=\"twitter:card\" content=\"summary_large_image\" \/>\n<meta name=\"twitter:label1\" content=\"Tiempo de lectura\" \/>\n\t<meta name=\"twitter:data1\" content=\"2 minutos\" \/>\n<script type=\"application\/ld+json\" class=\"yoast-schema-graph\">{\"@context\":\"https:\\\/\\\/schema.org\",\"@graph\":[{\"@type\":\"WebPage\",\"@id\":\"https:\\\/\\\/matietours.com\\\/index.php\\\/producto\\\/pre-registro-zamna-tulum\\\/\",\"url\":\"https:\\\/\\\/matietours.com\\\/index.php\\\/producto\\\/pre-registro-zamna-tulum\\\/\",\"name\":\"Pre-Registro Zamna Tulum 2026 - matietours.com\",\"isPartOf\":{\"@id\":\"https:\\\/\\\/matietours.com\\\/#website\"},\"primaryImageOfPage\":{\"@id\":\"https:\\\/\\\/matietours.com\\\/index.php\\\/producto\\\/pre-registro-zamna-tulum\\\/#primaryimage\"},\"image\":{\"@id\":\"https:\\\/\\\/matietours.com\\\/index.php\\\/producto\\\/pre-registro-zamna-tulum\\\/#primaryimage\"},\"thumbnailUrl\":\"https:\\\/\\\/matietours.com\\\/wp-content\\\/uploads\\\/2024\\\/05\\\/bg-pre-registro-tulum.png\",\"datePublished\":\"2024-05-04T03:42:13+00:00\",\"dateModified\":\"2025-10-31T01:14:21+00:00\",\"breadcrumb\":{\"@id\":\"https:\\\/\\\/matietours.com\\\/index.php\\\/producto\\\/pre-registro-zamna-tulum\\\/#breadcrumb\"},\"inLanguage\":\"es\",\"potentialAction\":[{\"@type\":\"ReadAction\",\"target\":[\"https:\\\/\\\/matietours.com\\\/index.php\\\/producto\\\/pre-registro-zamna-tulum\\\/\"]}]},{\"@type\":\"ImageObject\",\"inLanguage\":\"es\",\"@id\":\"https:\\\/\\\/matietours.com\\\/index.php\\\/producto\\\/pre-registro-zamna-tulum\\\/#primaryimage\",\"url\":\"https:\\\/\\\/matietours.com\\\/wp-content\\\/uploads\\\/2024\\\/05\\\/bg-pre-registro-tulum.png\",\"contentUrl\":\"https:\\\/\\\/matietours.com\\\/wp-content\\\/uploads\\\/2024\\\/05\\\/bg-pre-registro-tulum.png\",\"width\":864,\"height\":864},{\"@type\":\"BreadcrumbList\",\"@id\":\"https:\\\/\\\/matietours.com\\\/index.php\\\/producto\\\/pre-registro-zamna-tulum\\\/#breadcrumb\",\"itemListElement\":[{\"@type\":\"ListItem\",\"position\":1,\"name\":\"Inicio\",\"item\":\"https:\\\/\\\/matietours.com\\\/\"},{\"@type\":\"ListItem\",\"position\":2,\"name\":\"Tienda\",\"item\":\"https:\\\/\\\/matietours.com\\\/index.php\\\/tienda\\\/\"},{\"@type\":\"ListItem\",\"position\":3,\"name\":\"Pre-Registro Zamna Tulum 2026\"}]},{\"@type\":\"WebSite\",\"@id\":\"https:\\\/\\\/matietours.com\\\/#website\",\"url\":\"https:\\\/\\\/matietours.com\\\/\",\"name\":\"matietours.com\",\"description\":\"Agencia de viajes\",\"potentialAction\":[{\"@type\":\"SearchAction\",\"target\":{\"@type\":\"EntryPoint\",\"urlTemplate\":\"https:\\\/\\\/matietours.com\\\/?s={search_term_string}\"},\"query-input\":{\"@type\":\"PropertyValueSpecification\",\"valueRequired\":true,\"valueName\":\"search_term_string\"}}],\"inLanguage\":\"es\"}]}<\/script>\n<!-- \/ Yoast SEO plugin. -->","yoast_head_json":{"title":"Pre-Registro Zamna Tulum 2026 - matietours.com","robots":{"index":"index","follow":"follow","max-snippet":"max-snippet:-1","max-image-preview":"max-image-preview:large","max-video-preview":"max-video-preview:-1"},"canonical":"https:\/\/matietours.com\/index.php\/producto\/pre-registro-zamna-tulum\/","og_locale":"es_MX","og_type":"article","og_title":"Pre-Registro Zamna Tulum 2026 - matietours.com","og_description":"Descarga nuestro PDF y conoce todo lo que te espera en Tulum este 2026 &nbsp; APARTA CON SOLO 2,000 MXN Y EL RESTO A COMODAS MENSUALIDADES RESERVA NO REEMBOLSABLE Emb\u00e1rcate en una experiencia \u00fanica en Tulum con Matie Adventures durante el \u00a1Festival Zamna! Descubre la fusi\u00f3n perfecta entre la cultura maya y la vibrante escena [&hellip;]","og_url":"https:\/\/matietours.com\/index.php\/producto\/pre-registro-zamna-tulum\/","og_site_name":"matietours.com","article_modified_time":"2025-10-31T01:14:21+00:00","og_image":[{"width":864,"height":864,"url":"http:\/\/matietours.com\/wp-content\/uploads\/2024\/05\/bg-pre-registro-tulum.png","type":"image\/png"}],"twitter_card":"summary_large_image","twitter_misc":{"Tiempo de lectura":"2 minutos"},"schema":{"@context":"https:\/\/schema.org","@graph":[{"@type":"WebPage","@id":"https:\/\/matietours.com\/index.php\/producto\/pre-registro-zamna-tulum\/","url":"https:\/\/matietours.com\/index.php\/producto\/pre-registro-zamna-tulum\/","name":"Pre-Registro Zamna Tulum 2026 - matietours.com","isPartOf":{"@id":"https:\/\/matietours.com\/#website"},"primaryImageOfPage":{"@id":"https:\/\/matietours.com\/index.php\/producto\/pre-registro-zamna-tulum\/#primaryimage"},"image":{"@id":"https:\/\/matietours.com\/index.php\/producto\/pre-registro-zamna-tulum\/#primaryimage"},"thumbnailUrl":"https:\/\/matietours.com\/wp-content\/uploads\/2024\/05\/bg-pre-registro-tulum.png","datePublished":"2024-05-04T03:42:13+00:00","dateModified":"2025-10-31T01:14:21+00:00","breadcrumb":{"@id":"https:\/\/matietours.com\/index.php\/producto\/pre-registro-zamna-tulum\/#breadcrumb"},"inLanguage":"es","potentialAction":[{"@type":"ReadAction","target":["https:\/\/matietours.com\/index.php\/producto\/pre-registro-zamna-tulum\/"]}]},{"@type":"ImageObject","inLanguage":"es","@id":"https:\/\/matietours.com\/index.php\/producto\/pre-registro-zamna-tulum\/#primaryimage","url":"https:\/\/matietours.com\/wp-content\/uploads\/2024\/05\/bg-pre-registro-tulum.png","contentUrl":"https:\/\/matietours.com\/wp-content\/uploads\/2024\/05\/bg-pre-registro-tulum.png","width":864,"height":864},{"@type":"BreadcrumbList","@id":"https:\/\/matietours.com\/index.php\/producto\/pre-registro-zamna-tulum\/#breadcrumb","itemListElement":[{"@type":"ListItem","position":1,"name":"Inicio","item":"https:\/\/matietours.com\/"},{"@type":"ListItem","position":2,"name":"Tienda","item":"https:\/\/matietours.com\/index.php\/tienda\/"},{"@type":"ListItem","position":3,"name":"Pre-Registro Zamna Tulum 2026"}]},{"@type":"WebSite","@id":"https:\/\/matietours.com\/#website","url":"https:\/\/matietours.com\/","name":"matietours.com","description":"Agencia de viajes","potentialAction":[{"@type":"SearchAction","target":{"@type":"EntryPoint","urlTemplate":"https:\/\/matietours.com\/?s={search_term_string}"},"query-input":{"@type":"PropertyValueSpecification","valueRequired":true,"valueName":"search_term_string"}}],"inLanguage":"es"}]}},"_links":{"self":[{"href":"https:\/\/matietours.com\/index.php\/wp-json\/wp\/v2\/product\/6259","targetHints":{"allow":["GET"]}}],"collection":[{"href":"https:\/\/matietours.com\/index.php\/wp-json\/wp\/v2\/product"}],"about":[{"href":"https:\/\/matietours.com\/index.php\/wp-json\/wp\/v2\/types\/product"}],"replies":[{"embeddable":true,"href":"https:\/\/matietours.com\/index.php\/wp-json\/wp\/v2\/comments?post=6259"}],"wp:featuredmedia":[{"embeddable":true,"href":"https:\/\/matietours.com\/index.php\/wp-json\/wp\/v2\/media\/6261"}],"wp:attachment":[{"href":"https:\/\/matietours.com\/index.php\/wp-json\/wp\/v2\/media?parent=6259"}],"wp:term":[{"taxonomy":"product_brand","embeddable":true,"href":"https:\/\/matietours.com\/index.php\/wp-json\/wp\/v2\/product_brand?post=6259"},{"taxonomy":"product_cat","embeddable":true,"href":"https:\/\/matietours.com\/index.php\/wp-json\/wp\/v2\/product_cat?post=6259"},{"taxonomy":"product_tag","embeddable":true,"href":"https:\/\/matietours.com\/index.php\/wp-json\/wp\/v2\/product_tag?post=6259"}],"curies":[{"name":"wp","href":"https:\/\/api.w.org\/{rel}","templated":true}]}}