{"id":6392,"date":"2024-09-11T19:33:11","date_gmt":"2024-09-11T19:33:11","guid":{"rendered":"https:\/\/matietours.com\/?post_type=product&#038;p=6392"},"modified":"2025-10-31T01:14:21","modified_gmt":"2025-10-31T01:14:21","slug":"pre-registro-viaje-de-graducaion-vallarta-2026","status":"publish","type":"product","link":"https:\/\/matietours.com\/index.php\/producto\/pre-registro-viaje-de-graducaion-vallarta-2026\/","title":{"rendered":"Pre-Registro Viaje de Graduaci\u00f3n Vallarta 2026"},"content":{"rendered":"<p>Este un pre registro para apartar un lugar en el pr\u00f3ximo viaje de graduaci\u00f3n a Puerto Vallarta 2026, recuerda enviar tu comprobante a nuestro <a href=\"https:\/\/api.whatsapp.com\/send\/?phone=5216182756007&amp;text&amp;type=phone_number&amp;app_absent=0\"><strong>WhatsApp<\/strong><\/a> o presentarlo en nuestras oficinas para crear tu cuenta y plan de pagos.<\/p>\n","protected":false},"excerpt":{"rendered":"<p>Este un pre registro para apartar un lugar en el pr\u00f3ximo viaje de graduaci\u00f3n a Puerto Vallarta 2026, recuerda enviar tu comprobante a nuestro WhatsApp o presentarlo en nuestras oficinas para crear tu cuenta y plan de pagos.<\/p>\n","protected":false},"featured_media":6393,"comment_status":"open","ping_status":"closed","template":"","meta":{"om_disable_all_campaigns":false,"_monsterinsights_skip_tracking":false,"_monsterinsights_sitenote_active":false,"_monsterinsights_sitenote_note":"","_monsterinsights_sitenote_category":0,"_uf_show_specific_survey":0,"_uf_disable_surveys":false,"_joinchat":[]},"product_brand":[],"product_cat":[138,137],"product_tag":[],"class_list":{"0":"post-6392","1":"product","2":"type-product","3":"status-publish","4":"has-post-thumbnail","6":"product_cat-vallarta","7":"product_cat-viaje-de-graduacion","9":"first","10":"instock","11":"virtual","12":"purchasable","13":"product-type-simple"},"yoast_head":"<!-- This site is optimized with the Yoast SEO plugin v27.2 - https:\/\/yoast.com\/product\/yoast-seo-wordpress\/ -->\n<title>Pre-Registro Viaje de Graduaci\u00f3n Vallarta 2026 - matietours.com<\/title>\n<meta name=\"description\" content=\"Este un pre registro para apartar un lugar en el pr\u00f3ximo viaje de graduaci\u00f3n a Puerto Vallarta 2026, recuerda enviar tu comprobante a nuestro WhatsApp o pre\" \/>\n<meta name=\"robots\" content=\"index, follow, max-snippet:-1, max-image-preview:large, max-video-preview:-1\" \/>\n<link rel=\"canonical\" href=\"https:\/\/matietours.com\/index.php\/producto\/pre-registro-viaje-de-graducaion-vallarta-2026\/\" \/>\n<meta property=\"og:locale\" content=\"es_MX\" \/>\n<meta property=\"og:type\" content=\"article\" \/>\n<meta property=\"og:title\" content=\"Pre-Registro Viaje de Graduaci\u00f3n Vallarta 2026 - matietours.com\" \/>\n<meta property=\"og:description\" content=\"Este un pre registro para apartar un lugar en el pr\u00f3ximo viaje de graduaci\u00f3n a Puerto Vallarta 2026, recuerda enviar tu comprobante a nuestro WhatsApp o pre\" \/>\n<meta property=\"og:url\" content=\"https:\/\/matietours.com\/index.php\/producto\/pre-registro-viaje-de-graducaion-vallarta-2026\/\" \/>\n<meta property=\"og:site_name\" content=\"matietours.com\" \/>\n<meta property=\"article:modified_time\" content=\"2025-10-31T01:14:21+00:00\" \/>\n<meta property=\"og:image\" content=\"http:\/\/matietours.com\/wp-content\/uploads\/2024\/09\/foto-producto.jpg\" \/>\n\t<meta property=\"og:image:width\" content=\"1200\" \/>\n\t<meta property=\"og:image:height\" content=\"1200\" \/>\n\t<meta property=\"og:image:type\" content=\"image\/jpeg\" \/>\n<meta name=\"twitter:card\" content=\"summary_large_image\" \/>\n<meta name=\"twitter:label1\" content=\"Tiempo de lectura\" \/>\n\t<meta name=\"twitter:data1\" content=\"1 minuto\" \/>\n<script type=\"application\/ld+json\" class=\"yoast-schema-graph\">{\"@context\":\"https:\/\/schema.org\",\"@graph\":[{\"@type\":\"WebPage\",\"@id\":\"https:\/\/matietours.com\/index.php\/producto\/pre-registro-viaje-de-graducaion-vallarta-2026\/\",\"url\":\"https:\/\/matietours.com\/index.php\/producto\/pre-registro-viaje-de-graducaion-vallarta-2026\/\",\"name\":\"Pre-Registro Viaje de Graduaci\u00f3n Vallarta 2026 - matietours.com\",\"isPartOf\":{\"@id\":\"https:\/\/matietours.com\/#website\"},\"primaryImageOfPage\":{\"@id\":\"https:\/\/matietours.com\/index.php\/producto\/pre-registro-viaje-de-graducaion-vallarta-2026\/#primaryimage\"},\"image\":{\"@id\":\"https:\/\/matietours.com\/index.php\/producto\/pre-registro-viaje-de-graducaion-vallarta-2026\/#primaryimage\"},\"thumbnailUrl\":\"https:\/\/matietours.com\/wp-content\/uploads\/2024\/09\/foto-producto.jpg\",\"datePublished\":\"2024-09-11T19:33:11+00:00\",\"dateModified\":\"2025-10-31T01:14:21+00:00\",\"description\":\"Este un pre registro para apartar un lugar en el pr\u00f3ximo viaje de graduaci\u00f3n a Puerto Vallarta 2026, recuerda enviar tu comprobante a nuestro WhatsApp o pre\",\"breadcrumb\":{\"@id\":\"https:\/\/matietours.com\/index.php\/producto\/pre-registro-viaje-de-graducaion-vallarta-2026\/#breadcrumb\"},\"inLanguage\":\"es\",\"potentialAction\":[{\"@type\":\"ReadAction\",\"target\":[\"https:\/\/matietours.com\/index.php\/producto\/pre-registro-viaje-de-graducaion-vallarta-2026\/\"]}]},{\"@type\":\"ImageObject\",\"inLanguage\":\"es\",\"@id\":\"https:\/\/matietours.com\/index.php\/producto\/pre-registro-viaje-de-graducaion-vallarta-2026\/#primaryimage\",\"url\":\"https:\/\/matietours.com\/wp-content\/uploads\/2024\/09\/foto-producto.jpg\",\"contentUrl\":\"https:\/\/matietours.com\/wp-content\/uploads\/2024\/09\/foto-producto.jpg\",\"width\":1200,\"height\":1200},{\"@type\":\"BreadcrumbList\",\"@id\":\"https:\/\/matietours.com\/index.php\/producto\/pre-registro-viaje-de-graducaion-vallarta-2026\/#breadcrumb\",\"itemListElement\":[{\"@type\":\"ListItem\",\"position\":1,\"name\":\"Inicio\",\"item\":\"https:\/\/matietours.com\/\"},{\"@type\":\"ListItem\",\"position\":2,\"name\":\"Tienda\",\"item\":\"https:\/\/matietours.com\/index.php\/tienda\/\"},{\"@type\":\"ListItem\",\"position\":3,\"name\":\"Pre-Registro Viaje de Graduaci\u00f3n Vallarta 2026\"}]},{\"@type\":\"WebSite\",\"@id\":\"https:\/\/matietours.com\/#website\",\"url\":\"https:\/\/matietours.com\/\",\"name\":\"matietours.com\",\"description\":\"Agencia de viajes\",\"potentialAction\":[{\"@type\":\"SearchAction\",\"target\":{\"@type\":\"EntryPoint\",\"urlTemplate\":\"https:\/\/matietours.com\/?s={search_term_string}\"},\"query-input\":{\"@type\":\"PropertyValueSpecification\",\"valueRequired\":true,\"valueName\":\"search_term_string\"}}],\"inLanguage\":\"es\"}]}<\/script>\n<!-- \/ Yoast SEO plugin. -->","yoast_head_json":{"title":"Pre-Registro Viaje de Graduaci\u00f3n Vallarta 2026 - matietours.com","description":"Este un pre registro para apartar un lugar en el pr\u00f3ximo viaje de graduaci\u00f3n a Puerto Vallarta 2026, recuerda enviar tu comprobante a nuestro WhatsApp o pre","robots":{"index":"index","follow":"follow","max-snippet":"max-snippet:-1","max-image-preview":"max-image-preview:large","max-video-preview":"max-video-preview:-1"},"canonical":"https:\/\/matietours.com\/index.php\/producto\/pre-registro-viaje-de-graducaion-vallarta-2026\/","og_locale":"es_MX","og_type":"article","og_title":"Pre-Registro Viaje de Graduaci\u00f3n Vallarta 2026 - matietours.com","og_description":"Este un pre registro para apartar un lugar en el pr\u00f3ximo viaje de graduaci\u00f3n a Puerto Vallarta 2026, recuerda enviar tu comprobante a nuestro WhatsApp o pre","og_url":"https:\/\/matietours.com\/index.php\/producto\/pre-registro-viaje-de-graducaion-vallarta-2026\/","og_site_name":"matietours.com","article_modified_time":"2025-10-31T01:14:21+00:00","og_image":[{"width":1200,"height":1200,"url":"http:\/\/matietours.com\/wp-content\/uploads\/2024\/09\/foto-producto.jpg","type":"image\/jpeg"}],"twitter_card":"summary_large_image","twitter_misc":{"Tiempo de lectura":"1 minuto"},"schema":{"@context":"https:\/\/schema.org","@graph":[{"@type":"WebPage","@id":"https:\/\/matietours.com\/index.php\/producto\/pre-registro-viaje-de-graducaion-vallarta-2026\/","url":"https:\/\/matietours.com\/index.php\/producto\/pre-registro-viaje-de-graducaion-vallarta-2026\/","name":"Pre-Registro Viaje de Graduaci\u00f3n Vallarta 2026 - matietours.com","isPartOf":{"@id":"https:\/\/matietours.com\/#website"},"primaryImageOfPage":{"@id":"https:\/\/matietours.com\/index.php\/producto\/pre-registro-viaje-de-graducaion-vallarta-2026\/#primaryimage"},"image":{"@id":"https:\/\/matietours.com\/index.php\/producto\/pre-registro-viaje-de-graducaion-vallarta-2026\/#primaryimage"},"thumbnailUrl":"https:\/\/matietours.com\/wp-content\/uploads\/2024\/09\/foto-producto.jpg","datePublished":"2024-09-11T19:33:11+00:00","dateModified":"2025-10-31T01:14:21+00:00","description":"Este un pre registro para apartar un lugar en el pr\u00f3ximo viaje de graduaci\u00f3n a Puerto Vallarta 2026, recuerda enviar tu comprobante a nuestro WhatsApp o pre","breadcrumb":{"@id":"https:\/\/matietours.com\/index.php\/producto\/pre-registro-viaje-de-graducaion-vallarta-2026\/#breadcrumb"},"inLanguage":"es","potentialAction":[{"@type":"ReadAction","target":["https:\/\/matietours.com\/index.php\/producto\/pre-registro-viaje-de-graducaion-vallarta-2026\/"]}]},{"@type":"ImageObject","inLanguage":"es","@id":"https:\/\/matietours.com\/index.php\/producto\/pre-registro-viaje-de-graducaion-vallarta-2026\/#primaryimage","url":"https:\/\/matietours.com\/wp-content\/uploads\/2024\/09\/foto-producto.jpg","contentUrl":"https:\/\/matietours.com\/wp-content\/uploads\/2024\/09\/foto-producto.jpg","width":1200,"height":1200},{"@type":"BreadcrumbList","@id":"https:\/\/matietours.com\/index.php\/producto\/pre-registro-viaje-de-graducaion-vallarta-2026\/#breadcrumb","itemListElement":[{"@type":"ListItem","position":1,"name":"Inicio","item":"https:\/\/matietours.com\/"},{"@type":"ListItem","position":2,"name":"Tienda","item":"https:\/\/matietours.com\/index.php\/tienda\/"},{"@type":"ListItem","position":3,"name":"Pre-Registro Viaje de Graduaci\u00f3n Vallarta 2026"}]},{"@type":"WebSite","@id":"https:\/\/matietours.com\/#website","url":"https:\/\/matietours.com\/","name":"matietours.com","description":"Agencia de viajes","potentialAction":[{"@type":"SearchAction","target":{"@type":"EntryPoint","urlTemplate":"https:\/\/matietours.com\/?s={search_term_string}"},"query-input":{"@type":"PropertyValueSpecification","valueRequired":true,"valueName":"search_term_string"}}],"inLanguage":"es"}]}},"_links":{"self":[{"href":"https:\/\/matietours.com\/index.php\/wp-json\/wp\/v2\/product\/6392","targetHints":{"allow":["GET"]}}],"collection":[{"href":"https:\/\/matietours.com\/index.php\/wp-json\/wp\/v2\/product"}],"about":[{"href":"https:\/\/matietours.com\/index.php\/wp-json\/wp\/v2\/types\/product"}],"replies":[{"embeddable":true,"href":"https:\/\/matietours.com\/index.php\/wp-json\/wp\/v2\/comments?post=6392"}],"wp:featuredmedia":[{"embeddable":true,"href":"https:\/\/matietours.com\/index.php\/wp-json\/wp\/v2\/media\/6393"}],"wp:attachment":[{"href":"https:\/\/matietours.com\/index.php\/wp-json\/wp\/v2\/media?parent=6392"}],"wp:term":[{"taxonomy":"product_brand","embeddable":true,"href":"https:\/\/matietours.com\/index.php\/wp-json\/wp\/v2\/product_brand?post=6392"},{"taxonomy":"product_cat","embeddable":true,"href":"https:\/\/matietours.com\/index.php\/wp-json\/wp\/v2\/product_cat?post=6392"},{"taxonomy":"product_tag","embeddable":true,"href":"https:\/\/matietours.com\/index.php\/wp-json\/wp\/v2\/product_tag?post=6392"}],"curies":[{"name":"wp","href":"https:\/\/api.w.org\/{rel}","templated":true}]}}